{"id":261,"date":"2013-04-07T07:18:21","date_gmt":"2013-04-07T07:18:21","guid":{"rendered":"https:\/\/ergonomics.eu\/FEES_WP\/european-month-of-ergonomics\/"},"modified":"2024-07-15T16:31:21","modified_gmt":"2024-07-15T16:31:21","slug":"european-month-of-ergonomics","status":"publish","type":"page","link":"https:\/\/ergonomics.eu\/FEES_WP\/european-month-of-ergonomics\/","title":{"rendered":"European Month of Ergonomics"},"content":{"rendered":"<p>The European Month of Ergonomics campaign was established to support the International Ergonomics Association and promote ergonomics among other professions and the general public.<\/p>\n<p>In 2009, our first campaign, &#8221; Know Your Ergonomist,&#8221; emphasized the importance of having ergonomic specialists in workplaces to prevent musculoskeletal disorders and create healthy working conditions. This work can only be effective if ergonomists directly contact the workers.<\/p>\n<p>In subsequent years, we combined the European Month of Ergonomics campaign with the Healthy Workplaces campaign, showcasing the importance of the ergonomics profession and the added value provided by ergonomists concerning the current theme.<\/p>\n<p>The European Month of Ergonomics is realized through the activities of individual ergonomics societies. We publish theme-specific materials on our website, which the societies use in their events, enriching them with their experiences to share further.<\/p>\n<p>The PowerPoint presentations are intended to support the European Month of Ergonomics arranged by the national member societies of the FEES. Their purpose is to disseminate the message of the EME in possible seminars, meetings, or other events related to the European Month of Ergonomics. The basic content can also be used in articles or other communication material for the campaign. The presentation is distributed in PowerPoint format to be translated and modified for local use, possibly shortened and added by local examples, photos, etc.<\/p>\n<p>Therefore, we ask the members of the FEES national societies to gather experiences on the European Month of Ergonomics (information on events, articles, initiatives, etc.) to develop the next campaign and share them within the national societies.<\/p>\n\n<div class='pt-cv-wrapper'> <h3 class='pt-cv-heading-container heading1' data-blockid='eyb0a2ow'><span class='pt-cv-heading'> Campaign Materials <\/span><\/h3><div class=\"pt-cv-view pt-cv-blockgrid iscvblock iscvreal list1 layout1\" id=\"pt-cv-view-eyb0a2ow\"><div data-id=\"pt-cv-page-1\" class=\"pt-cv-page\" data-cvc=\"1\"><div class=\" pt-cv-content-item pt-cv-2-col\" ><div class=\"pt-cv-taxoterm above_title\"><a href='https:\/\/ergonomics.eu\/FEES_WP\/category\/ergonomics_projects\/european-month-ergonomics\/' title='European Month of Ergonomics' class='pt-cv-tax-european-month-ergonomics'>European Month of Ergonomics<\/a><\/div>\n<h4 class=\"pt-cv-title\"><a href=\"https:\/\/ergonomics.eu\/FEES_WP\/2009\/03\/30\/european-month-of-ergonomics-2009-know-your-ergonomist\/\" class=\"_self\" target=\"_self\" >European Month of Ergonomics 2009 &#8211; Know Your Ergonomist<\/a><\/h4>\n<div class=\"pt-cv-content\">Goals of the European Month of Ergonomics 2009 wasDisseminate science of ergonomics Promote understanding of different ergonomics areas Improve information &#8230;<\/div>\n<div class=\"pt-cv-rmwrap\"><a href=\"https:\/\/ergonomics.eu\/FEES_WP\/2009\/03\/30\/european-month-of-ergonomics-2009-know-your-ergonomist\/\" class=\"_self pt-cv-readmore btn btn-success\" target=\"_self\" >Read More<\/a><\/div><\/div>\n<div class=\" pt-cv-content-item pt-cv-2-col\" ><div class=\"pt-cv-taxoterm above_title\"><a href='https:\/\/ergonomics.eu\/FEES_WP\/category\/ergonomics_projects\/european-month-ergonomics\/' title='European Month of Ergonomics' class='pt-cv-tax-european-month-ergonomics'>European Month of Ergonomics<\/a><\/div>\n<h4 class=\"pt-cv-title\"><a href=\"https:\/\/ergonomics.eu\/FEES_WP\/2009\/06\/30\/european-month-of-ergonomics-2009-risk-assessment-and-ergonomics\/\" class=\"_self\" target=\"_self\" >European Month of Ergonomics 2009 &#8211; Risk Assessment and Ergonomics<\/a><\/h4>\n<div class=\"pt-cv-content\">The work environment is examined from several points of view simultaneously: work environment and circumstances, usability of the equipment, work &#8230;<\/div>\n<div class=\"pt-cv-rmwrap\"><a href=\"https:\/\/ergonomics.eu\/FEES_WP\/2009\/06\/30\/european-month-of-ergonomics-2009-risk-assessment-and-ergonomics\/\" class=\"_self pt-cv-readmore btn btn-success\" target=\"_self\" >Read More<\/a><\/div><\/div>\n<div class=\" pt-cv-content-item pt-cv-2-col\" ><div class=\"pt-cv-taxoterm above_title\"><a href='https:\/\/ergonomics.eu\/FEES_WP\/category\/ergonomics_projects\/european-month-ergonomics\/' title='European Month of Ergonomics' class='pt-cv-tax-european-month-ergonomics'>European Month of Ergonomics<\/a><a href='https:\/\/ergonomics.eu\/FEES_WP\/category\/healthy-workplaces-campaign\/' title='Healthy Workplaces\u00a0Campaign' class='pt-cv-tax-healthy-workplaces-campaign'>Healthy Workplaces\u00a0Campaign<\/a><a href='https:\/\/ergonomics.eu\/FEES_WP\/category\/knowledge-domain\/maintanance\/' title='maintanance' class='pt-cv-tax-maintanance'>maintanance<\/a><a href='https:\/\/ergonomics.eu\/FEES_WP\/category\/healthy-workplaces-campaign\/safe-maintenance\/' title='Safe Maintenance 2010 - 2011' class='pt-cv-tax-safe-maintenance'>Safe Maintenance 2010 &#8211; 2011<\/a><\/div>\n<h4 class=\"pt-cv-title\"><a href=\"https:\/\/ergonomics.eu\/FEES_WP\/2010\/06\/30\/european-month-of-ergonomics-2010-ergonomics-is-a-key-to-safe-maintenance\/\" class=\"_self\" target=\"_self\" >European Month of Ergonomics 2010 &#8211; Ergonomics is a Key to Safe Maintenance<\/a><\/h4>\n<div class=\"pt-cv-content\">Ergonomics is a key to safe maintenance! &#8230;<\/div>\n<div class=\"pt-cv-rmwrap\"><a href=\"https:\/\/ergonomics.eu\/FEES_WP\/2010\/06\/30\/european-month-of-ergonomics-2010-ergonomics-is-a-key-to-safe-maintenance\/\" class=\"_self pt-cv-readmore btn btn-success\" target=\"_self\" >Read More<\/a><\/div><\/div>\n<div class=\" pt-cv-content-item pt-cv-2-col\" ><div class=\"pt-cv-taxoterm above_title\"><a href='https:\/\/ergonomics.eu\/FEES_WP\/category\/ergonomics_projects\/european-month-ergonomics\/' title='European Month of Ergonomics' class='pt-cv-tax-european-month-ergonomics'>European Month of Ergonomics<\/a><a href='https:\/\/ergonomics.eu\/FEES_WP\/category\/healthy-workplaces-campaign\/' title='Healthy Workplaces\u00a0Campaign' class='pt-cv-tax-healthy-workplaces-campaign'>Healthy Workplaces\u00a0Campaign<\/a><a href='https:\/\/ergonomics.eu\/FEES_WP\/category\/healthy-workplaces-campaign\/working-together-for-risk-prevention\/' title='Working together for risk prevention 2012-2013' class='pt-cv-tax-working-together-for-risk-prevention'>Working together for risk prevention 2012-2013<\/a><\/div>\n<h4 class=\"pt-cv-title\"><a href=\"https:\/\/ergonomics.eu\/FEES_WP\/2012\/06\/30\/european-month-of-ergonomics-2012-ergonomics-for-risk-prevention\/\" class=\"_self\" target=\"_self\" >European month of Ergonomics 2012 &#8211; Ergonomics for risk prevention<\/a><\/h4>\n<div class=\"pt-cv-content\">This FEES-campaign supports the European campaign for Healthy Workplaces, this year entitled \u201dWorking together for risk prevention\u201d. The yearly Healthy &#8230;<\/div>\n<div class=\"pt-cv-rmwrap\"><a href=\"https:\/\/ergonomics.eu\/FEES_WP\/2012\/06\/30\/european-month-of-ergonomics-2012-ergonomics-for-risk-prevention\/\" class=\"_self pt-cv-readmore btn btn-success\" target=\"_self\" >Read More<\/a><\/div><\/div>\n<div class=\" pt-cv-content-item pt-cv-2-col\" ><div class=\"pt-cv-taxoterm above_title\"><a href='https:\/\/ergonomics.eu\/FEES_WP\/category\/ergonomics_projects\/european-month-ergonomics\/' title='European Month of Ergonomics' class='pt-cv-tax-european-month-ergonomics'>European Month of Ergonomics<\/a><a href='https:\/\/ergonomics.eu\/FEES_WP\/category\/healthy-workplaces-campaign\/' title='Healthy Workplaces\u00a0Campaign' class='pt-cv-tax-healthy-workplaces-campaign'>Healthy Workplaces\u00a0Campaign<\/a><a href='https:\/\/ergonomics.eu\/FEES_WP\/category\/knowledge-domain\/risk-assessment-knowledge-domain\/' title='Risk assessment' class='pt-cv-tax-risk-assessment-knowledge-domain'>Risk assessment<\/a><a href='https:\/\/ergonomics.eu\/FEES_WP\/category\/healthy-workplaces-campaign\/working-together-for-risk-prevention\/' title='Working together for risk prevention 2012-2013' class='pt-cv-tax-working-together-for-risk-prevention'>Working together for risk prevention 2012-2013<\/a><\/div>\n<h4 class=\"pt-cv-title\"><a href=\"https:\/\/ergonomics.eu\/FEES_WP\/2012\/09\/22\/ergonomia-europai-honapja-2013\/\" class=\"_self\" target=\"_self\" >Ergon\u00f3mia Eur\u00f3pai H\u00f3napja 2013<\/a><\/h4>\n<div class=\"pt-cv-content\">Ergon\u00f3mia Eur\u00f3pai H\u00f3napja 2013: Ergon\u00f3mia a kock\u00e1zat-megel\u0151z\u00e9s\u00e9rt Az Ergon\u00f3mia Eur\u00f3pai H\u00f3napja (EEH) az eur\u00f3pai ergon\u00f3mia n\u00e9pszer\u0171s\u00edt\u00e9s\u00e9nek \u00e9ves kamp\u00e1nya. Az EEH-t &#8230;<\/div>\n<div class=\"pt-cv-rmwrap\"><a href=\"https:\/\/ergonomics.eu\/FEES_WP\/2012\/09\/22\/ergonomia-europai-honapja-2013\/\" class=\"_self pt-cv-readmore btn btn-success\" target=\"_self\" >Read More<\/a><\/div><\/div>\n<div class=\" pt-cv-content-item pt-cv-2-col\" ><div class=\"pt-cv-taxoterm above_title\"><a href='https:\/\/ergonomics.eu\/FEES_WP\/category\/ergonomics_projects\/european-month-ergonomics\/' title='European Month of Ergonomics' class='pt-cv-tax-european-month-ergonomics'>European Month of Ergonomics<\/a><a href='https:\/\/ergonomics.eu\/FEES_WP\/category\/healthy-workplaces-campaign\/' title='Healthy Workplaces\u00a0Campaign' class='pt-cv-tax-healthy-workplaces-campaign'>Healthy Workplaces\u00a0Campaign<\/a><a href='https:\/\/ergonomics.eu\/FEES_WP\/category\/healthy-workplaces-campaign\/working-together-for-risk-prevention\/' title='Working together for risk prevention 2012-2013' class='pt-cv-tax-working-together-for-risk-prevention'>Working together for risk prevention 2012-2013<\/a><\/div>\n<h4 class=\"pt-cv-title\"><a href=\"https:\/\/ergonomics.eu\/FEES_WP\/2013\/07\/08\/european-month-of-ergonomics-eme-2013-ergonomics-for-risk-prevention\/\" class=\"_self\" target=\"_self\" >European Month of Ergonomics EME 2013 \u201dErgonomics for risk prevention\u201d<\/a><\/h4>\n<div class=\"pt-cv-content\">This is the second year of two-year campaign European Month of Ergonomics EME 2012-2013, entitled \u201dErgonomics for risk prevention\u201d &#8230;<\/div>\n<div class=\"pt-cv-rmwrap\"><a href=\"https:\/\/ergonomics.eu\/FEES_WP\/2013\/07\/08\/european-month-of-ergonomics-eme-2013-ergonomics-for-risk-prevention\/\" class=\"_self pt-cv-readmore btn btn-success\" target=\"_self\" >Read More<\/a><\/div><\/div><\/div><\/div>\n<div class=\" pt-cv-pagination-wrapper\"><ul class=\"pt-cv-pagination pt-cv-ajax pagination\" data-totalpages=\"2\" data-currentpage=\"1\" data-sid=\"eyb0a2ow\" data-unid=\"\" data-isblock=\"list1\" data-postid=\"0\"><li class=\"active\"><a href=\"#\">1<\/a><\/li>\n\t<li ><a class=\"\" href=\"https:\/\/ergonomics.eu\/FEES_WP\/wp-json\/wp\/v2\/pages\/261\/?_page=2\">2<\/a><\/li>\n\t<li ><a class=\" \" href=\"https:\/\/ergonomics.eu\/FEES_WP\/wp-json\/wp\/v2\/pages\/261\/?_page=2\">&rsaquo;<\/a><\/li>\n\t<\/ul><img loading=\"lazy\" decoding=\"async\" width=\"15\" height=\"15\" class=\"pt-cv-spinner\" alt=\"Loading...\" src=\"data:image\/gif;base64,R0lGODlhDwAPALMPAMrKygwMDJOTkz09PZWVla+vr3p6euTk5M7OzuXl5TMzMwAAAJmZmWZmZszMzP\/\/\/yH\/C05FVFNDQVBFMi4wAwEAAAAh+QQFCgAPACwAAAAADwAPAAAEQvDJaZaZOIcV8iQK8VRX4iTYoAwZ4iCYoAjZ4RxejhVNoT+mRGP4cyF4Pp0N98sBGIBMEMOotl6YZ3S61Bmbkm4mAgAh+QQFCgAPACwAAAAADQANAAAENPDJSRSZeA418itN8QiK8BiLITVsFiyBBIoYqnoewAD4xPw9iY4XLGYSjkQR4UAUD45DLwIAIfkEBQoADwAsAAAAAA8ACQAABC\/wyVlamTi3nSdgwFNdhEJgTJoNyoB9ISYoQmdjiZPcj7EYCAeCF1gEDo4Dz2eIAAAh+QQFCgAPACwCAAAADQANAAAEM\/DJBxiYeLKdX3IJZT1FU0iIg2RNKx3OkZVnZ98ToRD4MyiDnkAh6BkNC0MvsAj0kMpHBAAh+QQFCgAPACwGAAAACQAPAAAEMDC59KpFDll73HkAA2wVY5KgiK5b0RRoI6MuzG6EQqCDMlSGheEhUAgqgUUAFRySIgAh+QQFCgAPACwCAAIADQANAAAEM\/DJKZNLND\/kkKaHc3xk+QAMYDKsiaqmZCxGVjSFFCxB1vwy2oOgIDxuucxAMTAJFAJNBAAh+QQFCgAPACwAAAYADwAJAAAEMNAs86q1yaWwwv2Ig0jUZx3OYa4XoRAfwADXoAwfo1+CIjyFRuEho60aSNYlOPxEAAAh+QQFCgAPACwAAAIADQANAAAENPA9s4y8+IUVcqaWJ4qEQozSoAzoIyhCK2NFU2SJk0hNnyEOhKR2AzAAj4Pj4GE4W0bkJQIAOw==\" \/><div class=\"clear pt-cv-clear-pagination\"><\/div><\/div> <\/div> <style>\n\n#pt-cv-view-eyb0a2ow .pt-cv-meta-fields {  }#pt-cv-view-eyb0a2ow .pt-cv-meta-fields * { font-size: 13px; }#pt-cv-view-eyb0a2ow .pt-cv-thumb-wrapper:not(.miniwrap) { width: 40%; }#pt-cv-view-eyb0a2ow .pt-cv-thumbnail:not(.pt-cv-thumbnailsm) { height: 300px; }#pt-cv-view-eyb0a2ow .pt-cv-title a { display: block; }#pt-cv-view-eyb0a2ow .pt-cv-title:not(.pt-cv-titlesm) a { font-weight: 600;text-decoration: none;font-size: 22px; }#pt-cv-view-eyb0a2ow .pt-cv-titlesm a { font-weight: 600;font-size: 18px; }#pt-cv-view-eyb0a2ow .pt-cv-content { font-size: 15px; }#pt-cv-view-eyb0a2ow .pt-cv-rmwrap {  }#pt-cv-view-eyb0a2ow .pt-cv-readmore { color: #fff;background-color: #0075ff;font-size: 14px; }#pt-cv-view-eyb0a2ow .pt-cv-taxoterm {  }#pt-cv-view-eyb0a2ow .pt-cv-taxoterm * { color: #222;background-color: #fff6f6;font-size: 14px; }#pt-cv-view-eyb0a2ow + .pt-cv-pagination-wrapper {  }#pt-cv-view-eyb0a2ow + .pt-cv-pagination-wrapper a { font-size: 14px; }#pt-cv-view-eyb0a2ow > .pt-cv-page {grid-template-columns: repeat(1, 1fr);grid-gap: 20px;}\n@media all and (max-width: 1024px) { \n#pt-cv-view-eyb0a2ow > .pt-cv-page {grid-template-columns: repeat(1, 1fr);}\n} \n@media all and (max-width: 767px) { \n#pt-cv-view-eyb0a2ow > .pt-cv-page {grid-template-columns: repeat(1, 1fr);}\n} <\/style>","protected":false},"excerpt":{"rendered":"<div><span style=\"font-family: arial; font-size: small;\">This year the European month of Ergonomics (EME 2012-2013) is entitled \u201dErgonomics for risk prevention\u201d. This FEES-launched campaign supports the European campaign for Healthy Workplaces, this year entitled \u201dWorking together for risk prevention\u201d.<\/span><\/div>\n<div><span style=\"font-family: arial; font-size: small;\"><\/p>\n","protected":false},"author":1,"featured_media":0,"parent":0,"menu_order":0,"comment_status":"closed","ping_status":"closed","template":"","meta":{"footnotes":""},"class_list":["post-261","page","type-page","status-publish","hentry"],"yoast_head":"<!-- This site is optimized with the Yoast SEO plugin v26.3 - https:\/\/yoast.com\/wordpress\/plugins\/seo\/ -->\n<title>European Month of Ergonomics - Federation of the European Ergonomics Societies<\/title>\n<meta name=\"robots\" content=\"index, follow, max-snippet:-1, max-image-preview:large, max-video-preview:-1\" \/>\n<link rel=\"canonical\" href=\"https:\/\/ergonomics.eu\/FEES_WP\/european-month-of-ergonomics\/\" \/>\n<meta property=\"og:locale\" content=\"en_US\" \/>\n<meta property=\"og:type\" content=\"article\" \/>\n<meta property=\"og:title\" content=\"European Month of Ergonomics - Federation of the European Ergonomics Societies\" \/>\n<meta property=\"og:description\" content=\"This year the European month of Ergonomics (EME 2012-2013) is entitled \u201dErgonomics for risk prevention\u201d. This FEES-launched campaign supports the European campaign for Healthy Workplaces, this year entitled \u201dWorking together for risk prevention\u201d.\" \/>\n<meta property=\"og:url\" content=\"https:\/\/ergonomics.eu\/FEES_WP\/european-month-of-ergonomics\/\" \/>\n<meta property=\"og:site_name\" content=\"Federation of the European Ergonomics Societies\" \/>\n<meta property=\"article:modified_time\" content=\"2024-07-15T16:31:21+00:00\" \/>\n<meta name=\"twitter:card\" content=\"summary_large_image\" \/>\n<meta name=\"twitter:label1\" content=\"Est. reading time\" \/>\n\t<meta name=\"twitter:data1\" content=\"2 minutes\" \/>\n<script type=\"application\/ld+json\" class=\"yoast-schema-graph\">{\"@context\":\"https:\/\/schema.org\",\"@graph\":[{\"@type\":\"WebPage\",\"@id\":\"https:\/\/ergonomics.eu\/FEES_WP\/european-month-of-ergonomics\/\",\"url\":\"https:\/\/ergonomics.eu\/FEES_WP\/european-month-of-ergonomics\/\",\"name\":\"European Month of Ergonomics - Federation of the European Ergonomics Societies\",\"isPartOf\":{\"@id\":\"https:\/\/ergonomics.eu\/FEES_WP\/#website\"},\"datePublished\":\"2013-04-07T07:18:21+00:00\",\"dateModified\":\"2024-07-15T16:31:21+00:00\",\"breadcrumb\":{\"@id\":\"https:\/\/ergonomics.eu\/FEES_WP\/european-month-of-ergonomics\/#breadcrumb\"},\"inLanguage\":\"en-US\",\"potentialAction\":[{\"@type\":\"ReadAction\",\"target\":[\"https:\/\/ergonomics.eu\/FEES_WP\/european-month-of-ergonomics\/\"]}]},{\"@type\":\"BreadcrumbList\",\"@id\":\"https:\/\/ergonomics.eu\/FEES_WP\/european-month-of-ergonomics\/#breadcrumb\",\"itemListElement\":[{\"@type\":\"ListItem\",\"position\":1,\"name\":\"Home\",\"item\":\"https:\/\/ergonomics.eu\/FEES_WP\/\"},{\"@type\":\"ListItem\",\"position\":2,\"name\":\"European Month of Ergonomics\"}]},{\"@type\":\"WebSite\",\"@id\":\"https:\/\/ergonomics.eu\/FEES_WP\/#website\",\"url\":\"https:\/\/ergonomics.eu\/FEES_WP\/\",\"name\":\"Federation of the European Ergonomics Societies\",\"description\":\"Federation of the European Ergonomics Societies\",\"potentialAction\":[{\"@type\":\"SearchAction\",\"target\":{\"@type\":\"EntryPoint\",\"urlTemplate\":\"https:\/\/ergonomics.eu\/FEES_WP\/?s={search_term_string}\"},\"query-input\":{\"@type\":\"PropertyValueSpecification\",\"valueRequired\":true,\"valueName\":\"search_term_string\"}}],\"inLanguage\":\"en-US\"}]}<\/script>\n<!-- \/ Yoast SEO plugin. -->","yoast_head_json":{"title":"European Month of Ergonomics - Federation of the European Ergonomics Societies","robots":{"index":"index","follow":"follow","max-snippet":"max-snippet:-1","max-image-preview":"max-image-preview:large","max-video-preview":"max-video-preview:-1"},"canonical":"https:\/\/ergonomics.eu\/FEES_WP\/european-month-of-ergonomics\/","og_locale":"en_US","og_type":"article","og_title":"European Month of Ergonomics - Federation of the European Ergonomics Societies","og_description":"This year the European month of Ergonomics (EME 2012-2013) is entitled \u201dErgonomics for risk prevention\u201d. This FEES-launched campaign supports the European campaign for Healthy Workplaces, this year entitled \u201dWorking together for risk prevention\u201d.","og_url":"https:\/\/ergonomics.eu\/FEES_WP\/european-month-of-ergonomics\/","og_site_name":"Federation of the European Ergonomics Societies","article_modified_time":"2024-07-15T16:31:21+00:00","twitter_card":"summary_large_image","twitter_misc":{"Est. reading time":"2 minutes"},"schema":{"@context":"https:\/\/schema.org","@graph":[{"@type":"WebPage","@id":"https:\/\/ergonomics.eu\/FEES_WP\/european-month-of-ergonomics\/","url":"https:\/\/ergonomics.eu\/FEES_WP\/european-month-of-ergonomics\/","name":"European Month of Ergonomics - Federation of the European Ergonomics Societies","isPartOf":{"@id":"https:\/\/ergonomics.eu\/FEES_WP\/#website"},"datePublished":"2013-04-07T07:18:21+00:00","dateModified":"2024-07-15T16:31:21+00:00","breadcrumb":{"@id":"https:\/\/ergonomics.eu\/FEES_WP\/european-month-of-ergonomics\/#breadcrumb"},"inLanguage":"en-US","potentialAction":[{"@type":"ReadAction","target":["https:\/\/ergonomics.eu\/FEES_WP\/european-month-of-ergonomics\/"]}]},{"@type":"BreadcrumbList","@id":"https:\/\/ergonomics.eu\/FEES_WP\/european-month-of-ergonomics\/#breadcrumb","itemListElement":[{"@type":"ListItem","position":1,"name":"Home","item":"https:\/\/ergonomics.eu\/FEES_WP\/"},{"@type":"ListItem","position":2,"name":"European Month of Ergonomics"}]},{"@type":"WebSite","@id":"https:\/\/ergonomics.eu\/FEES_WP\/#website","url":"https:\/\/ergonomics.eu\/FEES_WP\/","name":"Federation of the European Ergonomics Societies","description":"Federation of the European Ergonomics Societies","potentialAction":[{"@type":"SearchAction","target":{"@type":"EntryPoint","urlTemplate":"https:\/\/ergonomics.eu\/FEES_WP\/?s={search_term_string}"},"query-input":{"@type":"PropertyValueSpecification","valueRequired":true,"valueName":"search_term_string"}}],"inLanguage":"en-US"}]}},"_links":{"self":[{"href":"https:\/\/ergonomics.eu\/FEES_WP\/wp-json\/wp\/v2\/pages\/261","targetHints":{"allow":["GET"]}}],"collection":[{"href":"https:\/\/ergonomics.eu\/FEES_WP\/wp-json\/wp\/v2\/pages"}],"about":[{"href":"https:\/\/ergonomics.eu\/FEES_WP\/wp-json\/wp\/v2\/types\/page"}],"author":[{"embeddable":true,"href":"https:\/\/ergonomics.eu\/FEES_WP\/wp-json\/wp\/v2\/users\/1"}],"replies":[{"embeddable":true,"href":"https:\/\/ergonomics.eu\/FEES_WP\/wp-json\/wp\/v2\/comments?post=261"}],"version-history":[{"count":5,"href":"https:\/\/ergonomics.eu\/FEES_WP\/wp-json\/wp\/v2\/pages\/261\/revisions"}],"predecessor-version":[{"id":1289,"href":"https:\/\/ergonomics.eu\/FEES_WP\/wp-json\/wp\/v2\/pages\/261\/revisions\/1289"}],"wp:attachment":[{"href":"https:\/\/ergonomics.eu\/FEES_WP\/wp-json\/wp\/v2\/media?parent=261"}],"curies":[{"name":"wp","href":"https:\/\/api.w.org\/{rel}","templated":true}]}}